{"id":139,"date":"2019-03-14T23:40:20","date_gmt":"2019-03-14T23:40:20","guid":{"rendered":"http:\/\/prometheum.biz\/betasite8\/?page_id=139"},"modified":"2019-03-15T21:06:11","modified_gmt":"2019-03-15T21:06:11","slug":"o-nas","status":"publish","type":"page","link":"https:\/\/ganlawgroup.com\/polish\/","title":{"rendered":"O Nas"},"content":{"rendered":"<p>[et_pb_section bb_built=&#8221;1&#8243; admin_label=&#8221;Header&#8221; custom_padding_last_edited=&#8221;on|desktop&#8221; _builder_version=&#8221;3.19.15&#8243; background_image=&#8221;https:\/\/ganlawgroup.com\/polish\/wp-content\/uploads\/2019\/03\/Chicagoland-Family4.png&#8221; background_size=&#8221;contain&#8221; background_position=&#8221;top_left&#8221; custom_padding=&#8221;13px||0px|&#8221; custom_padding_tablet=&#8221;140px|0px|50px|0px|false|false&#8221; custom_padding_phone=&#8221;120px|||&#8221; use_background_color_gradient=&#8221;on&#8221; background_color_gradient_start=&#8221;#cecece&#8221; background_color_gradient_end=&#8221;#ffffff&#8221; next_background_color=&#8221;#ffffff&#8221; disabled=&#8221;off&#8221; disabled_on=&#8221;on||&#8221;][et_pb_row use_custom_width=&#8221;on&#8221; custom_padding=&#8221;0|0|25.25px|0px|false|false&#8221; _builder_version=&#8221;3.19.15&#8243;][et_pb_column type=&#8221;1_2&#8243;][\/et_pb_column][et_pb_column type=&#8221;1_2&#8243;][et_pb_text _builder_version=&#8221;3.19.15&#8243; header_font_size=&#8221;40px&#8221;]<\/p>\n<h1><strong>Family Law Services<\/strong><\/h1>\n<p>[\/et_pb_text][et_pb_text _builder_version=&#8221;3.19.15&#8243; text_font_size=&#8221;18px&#8221; text_font_size_phone=&#8221;15px&#8221; text_font_size_last_edited=&#8221;on|desktop&#8221; text_line_height_phone=&#8221;1.6em&#8221; text_line_height_last_edited=&#8221;on|desktop&#8221; header_font_size=&#8221;41px&#8221; header_font_size_tablet=&#8221;50px&#8221; header_font_size_phone=&#8221;32px&#8221; header_font_size_last_edited=&#8221;on|desktop&#8221; header_line_height=&#8221;1.3em&#8221; max_width=&#8221;600px&#8221;]<\/p>\n<p>Gan Law Group to kancelaria specjalizuj\u0105ca si\u0119 we wszechstronnej i kompleksowej obs\u0142udze prawnej z dziedziny prawa rodzinnego. Zapewniamy dostosowan\u0105 do indywidualnych potrzeb i sytuacji klienta, opiek\u0119 prawn\u0105 w rozwi\u0105zywaniu problem\u00f3w w zakresie prawa rodzinnego, takich jak: rozwody, post\u0119powania cywilnoprawne, negocjacje, pr\u00f3by ukrycia aktyw\u00f3w ma\u0142\u017ce\u0144skich, uregulowania zasad opieki i wsparcia dla ma\u0142oletnich, alimenty dla ma\u0142\u017conk\u00f3w, podzia\u0142 nieruchomo\u015bci a tak\u017ce modyfikacje i egzekwowanie orzecze\u0144 s\u0105dowych.<\/p>\n<p>Mecenas Gregory Gancarczyk \u015bwiadczy us\u0142ugi z dziedziny prawa rodzinnego nie tylko na terenie Chicago, ale tak\u017ce w okolicznych hrabstwach: Cook, Lake, DuPage, Will i Kane.<\/p>\n<p>Mecenas Gancarczyk podczas prowadzenia podj\u0119tych przez siebie spraw, d\u0105\u017cy do zapewnienia ka\u017cdemu klientowi najkorzystniejszego wyniku, w oparciu o gorliw\u0105 reprezentacj\u0119 nawet w najtrudniejszych procesach s\u0105dowych<\/p>\n<p>[\/et_pb_text][\/et_pb_column][\/et_pb_row][\/et_pb_section][et_pb_section bb_built=&#8221;1&#8243; admin_label=&#8221;Header&#8221; custom_padding_last_edited=&#8221;on|phone&#8221; _builder_version=&#8221;3.19.15&#8243; background_image=&#8221;https:\/\/ganlawgroup.com\/polish\/wp-content\/uploads\/2019\/03\/Chicagoland-Family4.png&#8221; background_size=&#8221;contain&#8221; background_position=&#8221;top_left&#8221; custom_padding=&#8221;13px||0px|&#8221; custom_padding_tablet=&#8221;140px|0px|50px|0px&#8221; custom_padding_phone=&#8221;120px|||&#8221; use_background_color_gradient=&#8221;on&#8221; background_color_gradient_start=&#8221;#cecece&#8221; background_color_gradient_end=&#8221;#ffffff&#8221; next_background_color=&#8221;#ffffff&#8221; prev_background_color=&#8221;#ffffff&#8221; disabled=&#8221;off&#8221; disabled_on=&#8221;|on|on&#8221;][et_pb_row use_custom_width=&#8221;on&#8221; custom_padding=&#8221;0|0|25.25px|0px|false|false&#8221; _builder_version=&#8221;3.19.15&#8243;][et_pb_column type=&#8221;1_2&#8243;][\/et_pb_column][et_pb_column type=&#8221;1_2&#8243;][et_pb_divider _builder_version=&#8221;3.19.15&#8243; show_divider=&#8221;off&#8221; \/][et_pb_text _builder_version=&#8221;3.19.15&#8243; header_font_size=&#8221;40px&#8221;]<\/p>\n<h1><strong>Family Law Services<\/strong><\/h1>\n<p>[\/et_pb_text][et_pb_text _builder_version=&#8221;3.19.15&#8243; text_font_size=&#8221;18px&#8221; text_font_size_phone=&#8221;15px&#8221; text_font_size_last_edited=&#8221;on|desktop&#8221; text_line_height_phone=&#8221;1.6em&#8221; text_line_height_last_edited=&#8221;on|desktop&#8221; header_font_size=&#8221;41px&#8221; header_font_size_tablet=&#8221;50px&#8221; header_font_size_phone=&#8221;32px&#8221; header_font_size_last_edited=&#8221;on|desktop&#8221; header_line_height=&#8221;1.3em&#8221; max_width=&#8221;600px&#8221;]<\/p>\n<p>Gan Law Group to kancelaria specjalizuj\u0105ca si\u0119 we wszechstronnej i kompleksowej obs\u0142udze prawnej z dziedziny prawa rodzinnego. Zapewniamy dostosowan\u0105 do indywidualnych potrzeb i sytuacji klienta, opiek\u0119 prawn\u0105 w rozwi\u0105zywaniu problem\u00f3w w zakresie prawa rodzinnego, takich jak: rozwody, post\u0119powania cywilnoprawne, negocjacje, pr\u00f3by ukrycia aktyw\u00f3w ma\u0142\u017ce\u0144skich, uregulowania zasad opieki i wsparcia dla ma\u0142oletnich, alimenty dla ma\u0142\u017conk\u00f3w, podzia\u0142 nieruchomo\u015bci a tak\u017ce modyfikacje i egzekwowanie orzecze\u0144 s\u0105dowych.<\/p>\n<p>Mecenas Gregory Gancarczyk \u015bwiadczy us\u0142ugi z dziedziny prawa rodzinnego nie tylko na terenie Chicago, ale tak\u017ce w okolicznych hrabstwach: Cook, Lake, DuPage, Will i Kane.<\/p>\n<p>Mecenas Gancarczyk podczas prowadzenia podj\u0119tych przez siebie spraw, d\u0105\u017cy do zapewnienia ka\u017cdemu klientowi najkorzystniejszego wyniku, w oparciu o gorliw\u0105 reprezentacj\u0119 nawet w najtrudniejszych procesach s\u0105dowych<\/p>\n<p>[\/et_pb_text][\/et_pb_column][\/et_pb_row][\/et_pb_section][et_pb_section bb_built=&#8221;1&#8243; admin_label=&#8221;Courses&#8221; _builder_version=&#8221;3.19.15&#8243; custom_padding=&#8221;34px|0px|90px|0px&#8221; prev_background_color=&#8221;#000000&#8243; bottom_divider_style=&#8221;asymmetric&#8221; custom_padding_phone=&#8221;10px|0px|90px|0px&#8221; custom_padding_last_edited=&#8221;on|phone&#8221;][et_pb_row use_custom_width=&#8221;on&#8221; custom_width_px=&#8221;1280px&#8221; custom_padding=&#8221;60px|40px|60px|40px|true|false&#8221; custom_padding_phone=&#8221;|20px||20px||true&#8221; custom_padding_last_edited=&#8221;on|phone&#8221; _builder_version=&#8221;3.11&#8243; background_color=&#8221;#ffffff&#8221; border_radii=&#8221;on|12px|12px|12px|12px&#8221; box_shadow_style=&#8221;preset1&#8243; box_shadow_vertical=&#8221;50px&#8221; box_shadow_blur=&#8221;80px&#8221; box_shadow_color=&#8221;rgba(15,19,25,0.1)&#8221; animation_style=&#8221;zoom&#8221; animation_intensity_zoom=&#8221;2%&#8221;][et_pb_column type=&#8221;1_3&#8243;][et_pb_image src=&#8221;https:\/\/ganlawgroup.com\/polish\/wp-content\/uploads\/2019\/03\/Gregory-Gancarczyk2.png&#8221; _builder_version=&#8221;3.19.15&#8243; url=&#8221;https:\/\/ganlawgroup.com\/polish\/attorneys\/&#8221; \/][et_pb_text _builder_version=&#8221;3.19.15&#8243; text_font_size=&#8221;15px&#8221; text_line_height=&#8221;2em&#8221; text_line_height_phone=&#8221;1.6em&#8221; text_line_height_last_edited=&#8221;on|phone&#8221; header_3_font=&#8221;EB Garamond||||||||&#8221; header_3_font_size=&#8221;24px&#8221; header_3_line_height=&#8221;1.4em&#8221; header_4_font=&#8221;|700||on|||||&#8221; header_4_text_color=&#8221;#ffdaa4&#8243; header_4_font_size=&#8221;12px&#8221; header_4_letter_spacing=&#8221;2px&#8221; header_4_line_height=&#8221;2em&#8221;]<\/p>\n<h3 style=\"text-align: center;\">Bio<\/h3>\n<p>[\/et_pb_text][\/et_pb_column][et_pb_column type=&#8221;1_3&#8243;][et_pb_image src=&#8221;https:\/\/ganlawgroup.com\/polish\/wp-content\/uploads\/2019\/03\/parent-holds-hand_g.png&#8221; _builder_version=&#8221;3.19.15&#8243; locked=&#8221;off&#8221; url=&#8221;https:\/\/ganlawgroup.com\/polish\/practice-areas\/&#8221; \/][et_pb_text _builder_version=&#8221;3.19.15&#8243; text_font_size=&#8221;15px&#8221; text_line_height=&#8221;2em&#8221; text_line_height_phone=&#8221;1.6em&#8221; text_line_height_last_edited=&#8221;on|phone&#8221; header_3_font=&#8221;EB Garamond||||||||&#8221; header_3_font_size=&#8221;24px&#8221; header_3_line_height=&#8221;1.4em&#8221; header_4_font=&#8221;|700||on|||||&#8221; header_4_text_color=&#8221;#ffdaa4&#8243; header_4_font_size=&#8221;12px&#8221; header_4_letter_spacing=&#8221;2px&#8221; header_4_line_height=&#8221;2em&#8221; locked=&#8221;off&#8221;]<\/p>\n<h3 style=\"text-align: center;\">Zakres Praktyki<\/h3>\n<p>[\/et_pb_text][\/et_pb_column][et_pb_column type=&#8221;1_3&#8243;][et_pb_image src=&#8221;https:\/\/ganlawgroup.com\/polish\/wp-content\/uploads\/2019\/03\/online-news-mobile-phone_g.png&#8221; _builder_version=&#8221;3.19.15&#8243; locked=&#8221;off&#8221; url=&#8221;https:\/\/ganlawgroup.com\/polish\/articles\/&#8221; \/][et_pb_text _builder_version=&#8221;3.19.15&#8243; text_font_size=&#8221;15px&#8221; text_line_height=&#8221;2em&#8221; text_line_height_phone=&#8221;1.6em&#8221; text_line_height_last_edited=&#8221;on|phone&#8221; header_3_font=&#8221;EB Garamond||||||||&#8221; header_3_font_size=&#8221;24px&#8221; header_3_line_height=&#8221;1.4em&#8221; header_4_font=&#8221;|700||on|||||&#8221; header_4_text_color=&#8221;#ffdaa4&#8243; header_4_font_size=&#8221;12px&#8221; header_4_letter_spacing=&#8221;2px&#8221; header_4_line_height=&#8221;2em&#8221; locked=&#8221;off&#8221;]<\/p>\n<h3 style=\"text-align: center;\">Artyku\u0142y<\/h3>\n<p>[\/et_pb_text][\/et_pb_column][\/et_pb_row][\/et_pb_section]<\/p>\n","protected":false},"excerpt":{"rendered":"<p>[et_pb_section bb_built=&#8221;1&#8243; admin_label=&#8221;Header&#8221; custom_padding_last_edited=&#8221;on|desktop&#8221; _builder_version=&#8221;3.19.15&#8243; background_image=&#8221;https:\/\/ganlawgroup.com\/polish\/wp-content\/uploads\/2019\/03\/Chicagoland-Family4.png&#8221; background_size=&#8221;contain&#8221; background_position=&#8221;top_left&#8221; custom_padding=&#8221;13px||0px|&#8221; custom_padding_tablet=&#8221;140px|0px|50px|0px|false|false&#8221; custom_padding_phone=&#8221;120px|||&#8221; use_background_color_gradient=&#8221;on&#8221; background_color_gradient_start=&#8221;#cecece&#8221; background_color_gradient_end=&#8221;#ffffff&#8221; next_background_color=&#8221;#ffffff&#8221; disabled=&#8221;off&#8221; disabled_on=&#8221;on||&#8221;][et_pb_row use_custom_width=&#8221;on&#8221; custom_padding=&#8221;0|0|25.25px|0px|false|false&#8221; _builder_version=&#8221;3.19.15&#8243;][et_pb_column type=&#8221;1_2&#8243;][\/et_pb_column][et_pb_column type=&#8221;1_2&#8243;][et_pb_text _builder_version=&#8221;3.19.15&#8243; header_font_size=&#8221;40px&#8221;] Family Law Services [\/et_pb_text][et_pb_text _builder_version=&#8221;3.19.15&#8243; text_font_size=&#8221;18px&#8221; text_font_size_phone=&#8221;15px&#8221; text_font_size_last_edited=&#8221;on|desktop&#8221; text_line_height_phone=&#8221;1.6em&#8221; text_line_height_last_edited=&#8221;on|desktop&#8221; header_font_size=&#8221;41px&#8221; header_font_size_tablet=&#8221;50px&#8221; header_font_size_phone=&#8221;32px&#8221; header_font_size_last_edited=&#8221;on|desktop&#8221; header_line_height=&#8221;1.3em&#8221; max_width=&#8221;600px&#8221;] Gan Law Group to kancelaria specjalizuj\u0105ca si\u0119 we wszechstronnej i kompleksowej obs\u0142udze prawnej z dziedziny [&hellip;]<\/p>\n","protected":false},"author":1,"featured_media":0,"parent":0,"menu_order":0,"comment_status":"closed","ping_status":"closed","template":"","meta":{"_et_pb_use_builder":"on","_et_pb_old_content":"","_et_gb_content_width":"","footnotes":""},"class_list":["post-139","page","type-page","status-publish","hentry"],"_links":{"self":[{"href":"https:\/\/ganlawgroup.com\/polish\/wp-json\/wp\/v2\/pages\/139","targetHints":{"allow":["GET"]}}],"collection":[{"href":"https:\/\/ganlawgroup.com\/polish\/wp-json\/wp\/v2\/pages"}],"about":[{"href":"https:\/\/ganlawgroup.com\/polish\/wp-json\/wp\/v2\/types\/page"}],"author":[{"embeddable":true,"href":"https:\/\/ganlawgroup.com\/polish\/wp-json\/wp\/v2\/users\/1"}],"replies":[{"embeddable":true,"href":"https:\/\/ganlawgroup.com\/polish\/wp-json\/wp\/v2\/comments?post=139"}],"version-history":[{"count":4,"href":"https:\/\/ganlawgroup.com\/polish\/wp-json\/wp\/v2\/pages\/139\/revisions"}],"predecessor-version":[{"id":213,"href":"https:\/\/ganlawgroup.com\/polish\/wp-json\/wp\/v2\/pages\/139\/revisions\/213"}],"wp:attachment":[{"href":"https:\/\/ganlawgroup.com\/polish\/wp-json\/wp\/v2\/media?parent=139"}],"curies":[{"name":"wp","href":"https:\/\/api.w.org\/{rel}","templated":true}]}}