{"id":80,"date":"2019-03-14T18:56:24","date_gmt":"2019-03-14T18:56:24","guid":{"rendered":"http:\/\/prometheum.biz\/betasite8\/?page_id=80"},"modified":"2019-03-15T21:06:53","modified_gmt":"2019-03-15T21:06:53","slug":"practice-areas","status":"publish","type":"page","link":"https:\/\/ganlawgroup.com\/polish\/practice-areas\/","title":{"rendered":"Zakres Praktyki"},"content":{"rendered":"<p>[et_pb_section bb_built=&#8221;1&#8243; admin_label=&#8221;Header&#8221; custom_padding_last_edited=&#8221;on|desktop&#8221; _builder_version=&#8221;3.19.15&#8243; background_image=&#8221;https:\/\/ganlawgroup.com\/polish\/wp-content\/uploads\/2019\/03\/family-law-Chicago2.png&#8221; background_size=&#8221;contain&#8221; background_position=&#8221;top_left&#8221; custom_padding=&#8221;13px||0px|&#8221; custom_padding_tablet=&#8221;140px|0px|50px|0px|false|false&#8221; custom_padding_phone=&#8221;120px|||&#8221; use_background_color_gradient=&#8221;on&#8221; background_color_gradient_start=&#8221;#cecece&#8221; background_color_gradient_end=&#8221;#ffffff&#8221; next_background_color=&#8221;#ffffff&#8221;][et_pb_row use_custom_width=&#8221;on&#8221; custom_padding=&#8221;0|0|25.25px|0px|false|false&#8221; _builder_version=&#8221;3.19.15&#8243;][et_pb_column type=&#8221;1_2&#8243;][\/et_pb_column][et_pb_column type=&#8221;1_2&#8243;][et_pb_text _builder_version=&#8221;3.19.15&#8243; header_font_size=&#8221;40px&#8221; custom_margin=&#8221;||0px|&#8221; custom_padding=&#8221;||0px|&#8221;]<\/p>\n<h1><strong>Zakres Praktyki <\/strong><\/h1>\n<p>[\/et_pb_text][et_pb_text _builder_version=&#8221;3.19.15&#8243; text_font_size=&#8221;16px&#8221; text_font_size_phone=&#8221;15px&#8221; text_font_size_last_edited=&#8221;on|desktop&#8221; text_line_height_phone=&#8221;1.6em&#8221; text_line_height_last_edited=&#8221;on|desktop&#8221; header_font_size=&#8221;41px&#8221; header_font_size_tablet=&#8221;50px&#8221; header_font_size_phone=&#8221;32px&#8221; header_font_size_last_edited=&#8221;on|desktop&#8221; header_line_height=&#8221;1.3em&#8221; max_width=&#8221;600px&#8221;]<\/p>\n<ul>\n<li>Ujawnianie ukrytych aktyw\u00f3w<\/li>\n<li>Rozwody, zwi\u0105zki cywilnoprawne ma\u0142\u017conk\u00f3w oraz czynno\u015bci prawne w sprawach dotycz\u0105cych separacji<\/li>\n<li>Egzekwowanie orzecze\u0144 i nakaz\u00f3w zagranicznych s\u0105d\u00f3w<\/li>\n<li>Ustalenia porozwodowe, wznowienie post\u0119powania, wszelkie modyfikacje um\u00f3w rozwodowych dokonywane po orzeczeniu s\u0105dowym<\/li>\n<li>Sprawy dotycz\u0105ce opieki nad dzieckiem<\/li>\n<li>Przemoc domowa, nakaz ochrony (order of protection) i sprawy o nadu\u017cycia<\/li>\n<li>Petycje dotycz\u0105ce prze\u015bladowania czyli stalkingu (tj. uporczywego n\u0119kania) a tak\u017ce wnioski o wydanie nakazu nie zbli\u017cania si\u0119<\/li>\n<li>Intercyzy czyli umowy maj\u0105tkowe ma\u0142\u017ce\u0144skie<\/li>\n<li>Ustalenie wysoko\u015bci i egzekwowanie obowi\u0105zku alimentacyjnego wobec dzieci a tak\u017ce jego modyfikacje<\/li>\n<li>Sprawy cywilnoprawne dotycz\u0105ce uniewa\u017cnienia ma\u0142\u017ce\u0144stwa<\/li>\n<li>Prawa rodzicielskie, s\u0105dowe ustalenie ojcostwa<\/li>\n<li>Prawa rodze\u0144stwa i dziadk\u00f3w<\/li>\n<li>Profesjonalne mediacje we wszystkich dziedzinach prawa rodzinnego<\/li>\n<\/ul>\n<p>[\/et_pb_text][\/et_pb_column][\/et_pb_row][\/et_pb_section][et_pb_section bb_built=&#8221;1&#8243; admin_label=&#8221;Courses&#8221; _builder_version=&#8221;3.19.15&#8243; custom_padding=&#8221;0px|0px|90px|0px&#8221; prev_background_color=&#8221;#000000&#8243; bottom_divider_style=&#8221;asymmetric&#8221; custom_padding_phone=&#8221;10px|0px|90px|0px&#8221; custom_padding_last_edited=&#8221;on|desktop&#8221;][et_pb_row use_custom_width=&#8221;on&#8221; custom_width_px=&#8221;1280px&#8221; custom_padding=&#8221;60px|40px|60px|40px|true|false&#8221; custom_padding_phone=&#8221;|20px||20px||true&#8221; custom_padding_last_edited=&#8221;on|phone&#8221; _builder_version=&#8221;3.11&#8243; background_color=&#8221;#ffffff&#8221; border_radii=&#8221;on|12px|12px|12px|12px&#8221; box_shadow_style=&#8221;preset1&#8243; box_shadow_vertical=&#8221;50px&#8221; box_shadow_blur=&#8221;80px&#8221; box_shadow_color=&#8221;rgba(15,19,25,0.1)&#8221; animation_style=&#8221;zoom&#8221; animation_intensity_zoom=&#8221;2%&#8221;][et_pb_column type=&#8221;1_3&#8243;][et_pb_image src=&#8221;https:\/\/ganlawgroup.com\/polish\/wp-content\/uploads\/2019\/03\/Gregory-Gancarczyk2.png&#8221; _builder_version=&#8221;3.19.15&#8243; url=&#8221;https:\/\/ganlawgroup.com\/polish\/attorneys\/&#8221;]<\/p>\n<p>[\/et_pb_image][et_pb_text _builder_version=&#8221;3.19.15&#8243; text_font_size=&#8221;15px&#8221; text_line_height=&#8221;2em&#8221; text_line_height_phone=&#8221;1.6em&#8221; text_line_height_last_edited=&#8221;on|phone&#8221; header_3_font=&#8221;EB Garamond||||||||&#8221; header_3_font_size=&#8221;24px&#8221; header_3_line_height=&#8221;1.4em&#8221; header_4_font=&#8221;|700||on|||||&#8221; header_4_text_color=&#8221;#ffdaa4&#8243; header_4_font_size=&#8221;12px&#8221; header_4_letter_spacing=&#8221;2px&#8221; header_4_line_height=&#8221;2em&#8221;]<\/p>\n<h3 style=\"text-align: center;\">Bio<\/h3>\n<p>[\/et_pb_text][\/et_pb_column][et_pb_column type=&#8221;1_3&#8243;][et_pb_image src=&#8221;https:\/\/ganlawgroup.com\/polish\/wp-content\/uploads\/2019\/03\/online-news-mobile-phone_g.png&#8221; _builder_version=&#8221;3.19.15&#8243; locked=&#8221;off&#8221; url=&#8221;https:\/\/ganlawgroup.com\/polish\/articles\/&#8221; url_new_window=&#8221;on&#8221;]<\/p>\n<p>[\/et_pb_image][et_pb_text _builder_version=&#8221;3.19.15&#8243; text_font_size=&#8221;15px&#8221; text_line_height=&#8221;2em&#8221; text_line_height_phone=&#8221;1.6em&#8221; text_line_height_last_edited=&#8221;on|phone&#8221; header_3_font=&#8221;EB Garamond||||||||&#8221; header_3_font_size=&#8221;24px&#8221; header_3_line_height=&#8221;1.4em&#8221; header_4_font=&#8221;|700||on|||||&#8221; header_4_text_color=&#8221;#ffdaa4&#8243; header_4_font_size=&#8221;12px&#8221; header_4_letter_spacing=&#8221;2px&#8221; header_4_line_height=&#8221;2em&#8221; locked=&#8221;off&#8221;]<\/p>\n<h3 style=\"text-align: center;\">Artyku\u0142y<\/h3>\n<p>[\/et_pb_text][\/et_pb_column][et_pb_column type=&#8221;1_3&#8243;][et_pb_image src=&#8221;https:\/\/ganlawgroup.com\/polish\/wp-content\/uploads\/2019\/03\/dreamstime_m_108328716-1.png&#8221; _builder_version=&#8221;3.19.15&#8243; locked=&#8221;off&#8221; url=&#8221;https:\/\/ganlawgroup.com\/polish\/contact\/&#8221;]<\/p>\n<p>[\/et_pb_image][et_pb_text _builder_version=&#8221;3.19.15&#8243; text_font_size=&#8221;15px&#8221; text_line_height=&#8221;2em&#8221; text_line_height_phone=&#8221;1.6em&#8221; text_line_height_last_edited=&#8221;on|phone&#8221; header_3_font=&#8221;EB Garamond||||||||&#8221; header_3_font_size=&#8221;24px&#8221; header_3_line_height=&#8221;1.4em&#8221; header_4_font=&#8221;|700||on|||||&#8221; header_4_text_color=&#8221;#ffdaa4&#8243; header_4_font_size=&#8221;12px&#8221; header_4_letter_spacing=&#8221;2px&#8221; header_4_line_height=&#8221;2em&#8221; locked=&#8221;off&#8221;]<\/p>\n<h3 style=\"text-align: center;\">Kontakt<\/h3>\n<p>[\/et_pb_text][\/et_pb_column][\/et_pb_row][\/et_pb_section]<\/p>\n","protected":false},"excerpt":{"rendered":"<p>[et_pb_section bb_built=&#8221;1&#8243; admin_label=&#8221;Header&#8221; custom_padding_last_edited=&#8221;on|desktop&#8221; _builder_version=&#8221;3.19.15&#8243; background_image=&#8221;https:\/\/ganlawgroup.com\/polish\/wp-content\/uploads\/2019\/03\/family-law-Chicago2.png&#8221; background_size=&#8221;contain&#8221; background_position=&#8221;top_left&#8221; custom_padding=&#8221;13px||0px|&#8221; custom_padding_tablet=&#8221;140px|0px|50px|0px|false|false&#8221; custom_padding_phone=&#8221;120px|||&#8221; use_background_color_gradient=&#8221;on&#8221; background_color_gradient_start=&#8221;#cecece&#8221; background_color_gradient_end=&#8221;#ffffff&#8221; next_background_color=&#8221;#ffffff&#8221;][et_pb_row use_custom_width=&#8221;on&#8221; custom_padding=&#8221;0|0|25.25px|0px|false|false&#8221; _builder_version=&#8221;3.19.15&#8243;][et_pb_column type=&#8221;1_2&#8243;][\/et_pb_column][et_pb_column type=&#8221;1_2&#8243;][et_pb_text _builder_version=&#8221;3.19.15&#8243; header_font_size=&#8221;40px&#8221; custom_margin=&#8221;||0px|&#8221; custom_padding=&#8221;||0px|&#8221;] Zakres Praktyki [\/et_pb_text][et_pb_text _builder_version=&#8221;3.19.15&#8243; text_font_size=&#8221;16px&#8221; text_font_size_phone=&#8221;15px&#8221; text_font_size_last_edited=&#8221;on|desktop&#8221; text_line_height_phone=&#8221;1.6em&#8221; text_line_height_last_edited=&#8221;on|desktop&#8221; header_font_size=&#8221;41px&#8221; header_font_size_tablet=&#8221;50px&#8221; header_font_size_phone=&#8221;32px&#8221; header_font_size_last_edited=&#8221;on|desktop&#8221; header_line_height=&#8221;1.3em&#8221; max_width=&#8221;600px&#8221;] Ujawnianie ukrytych aktyw\u00f3w Rozwody, zwi\u0105zki cywilnoprawne ma\u0142\u017conk\u00f3w oraz czynno\u015bci prawne w sprawach dotycz\u0105cych separacji Egzekwowanie orzecze\u0144 [&hellip;]<\/p>\n","protected":false},"author":1,"featured_media":0,"parent":0,"menu_order":0,"comment_status":"closed","ping_status":"closed","template":"","meta":{"_et_pb_use_builder":"on","_et_pb_old_content":"","_et_gb_content_width":"","footnotes":""},"class_list":["post-80","page","type-page","status-publish","hentry"],"_links":{"self":[{"href":"https:\/\/ganlawgroup.com\/polish\/wp-json\/wp\/v2\/pages\/80","targetHints":{"allow":["GET"]}}],"collection":[{"href":"https:\/\/ganlawgroup.com\/polish\/wp-json\/wp\/v2\/pages"}],"about":[{"href":"https:\/\/ganlawgroup.com\/polish\/wp-json\/wp\/v2\/types\/page"}],"author":[{"embeddable":true,"href":"https:\/\/ganlawgroup.com\/polish\/wp-json\/wp\/v2\/users\/1"}],"replies":[{"embeddable":true,"href":"https:\/\/ganlawgroup.com\/polish\/wp-json\/wp\/v2\/comments?post=80"}],"version-history":[{"count":5,"href":"https:\/\/ganlawgroup.com\/polish\/wp-json\/wp\/v2\/pages\/80\/revisions"}],"predecessor-version":[{"id":215,"href":"https:\/\/ganlawgroup.com\/polish\/wp-json\/wp\/v2\/pages\/80\/revisions\/215"}],"wp:attachment":[{"href":"https:\/\/ganlawgroup.com\/polish\/wp-json\/wp\/v2\/media?parent=80"}],"curies":[{"name":"wp","href":"https:\/\/api.w.org\/{rel}","templated":true}]}}