{"id":85,"date":"2019-03-14T18:58:45","date_gmt":"2019-03-14T18:58:45","guid":{"rendered":"http:\/\/prometheum.biz\/betasite8\/?page_id=85"},"modified":"2019-03-15T21:04:23","modified_gmt":"2019-03-15T21:04:23","slug":"articles","status":"publish","type":"page","link":"https:\/\/ganlawgroup.com\/polish\/articles\/","title":{"rendered":"Artyku\u0142y"},"content":{"rendered":"<p>[et_pb_section bb_built=&#8221;1&#8243; admin_label=&#8221;Header&#8221; custom_padding_last_edited=&#8221;on|desktop&#8221; _builder_version=&#8221;3.19.15&#8243; background_image=&#8221;https:\/\/ganlawgroup.com\/polish\/wp-content\/uploads\/2019\/03\/articlespage.png&#8221; background_size=&#8221;contain&#8221; background_position=&#8221;top_left&#8221; custom_padding=&#8221;13px||0px|&#8221; custom_padding_tablet=&#8221;140px|0px|50px|0px|false|false&#8221; custom_padding_phone=&#8221;120px|||&#8221; use_background_color_gradient=&#8221;on&#8221; background_color_gradient_start=&#8221;#cecece&#8221; background_color_gradient_end=&#8221;#ffffff&#8221; next_background_color=&#8221;#ffffff&#8221;][et_pb_row use_custom_width=&#8221;on&#8221; custom_padding=&#8221;0|0|25.25px|0px|false|false&#8221; _builder_version=&#8221;3.19.15&#8243;][et_pb_column type=&#8221;1_2&#8243;][\/et_pb_column][et_pb_column type=&#8221;1_2&#8243;][et_pb_text _builder_version=&#8221;3.19.15&#8243; header_font_size=&#8221;40px&#8221;]<\/p>\n<h1><strong>Artyku\u0142y<\/strong><\/h1>\n<p>[\/et_pb_text][et_pb_text _builder_version=&#8221;3.19.15&#8243; text_font_size=&#8221;18px&#8221; text_font_size_phone=&#8221;15px&#8221; text_font_size_last_edited=&#8221;on|desktop&#8221; text_line_height_phone=&#8221;1.6em&#8221; text_line_height_last_edited=&#8221;on|desktop&#8221; header_font_size=&#8221;41px&#8221; header_font_size_tablet=&#8221;50px&#8221; header_font_size_phone=&#8221;32px&#8221; header_font_size_last_edited=&#8221;on|desktop&#8221; header_line_height=&#8221;1.3em&#8221; max_width=&#8221;600px&#8221;]<\/p>\n<p>Czym jest nakaz ochrony, czyli order of protection<\/p>\n<p>Wa\u017cne zmiany w prawie rodzinnym w Illinois<\/p>\n<p>Adwokat dla rozwodz\u0105cych si\u0119 stron<\/p>\n<p>Rozw\u00f3d orzeczony. Czy mo\u017cliwa jest zmiana jego warunk\u00f3w?<\/p>\n<p>Korzy\u015bci z podpisania intercyzy<\/p>\n<p>[\/et_pb_text][\/et_pb_column][\/et_pb_row][\/et_pb_section][et_pb_section bb_built=&#8221;1&#8243; admin_label=&#8221;Courses&#8221; _builder_version=&#8221;3.11&#8243; custom_padding=&#8221;54px|0px|90px|0px|false|false&#8221; prev_background_color=&#8221;#000000&#8243;][et_pb_row use_custom_width=&#8221;on&#8221; custom_width_px=&#8221;1280px&#8221; custom_padding=&#8221;60px|40px|60px|40px|true|false&#8221; custom_padding_phone=&#8221;|20px||20px||true&#8221; custom_padding_last_edited=&#8221;on|phone&#8221; _builder_version=&#8221;3.11&#8243; background_color=&#8221;#ffffff&#8221; border_radii=&#8221;on|12px|12px|12px|12px&#8221; box_shadow_style=&#8221;preset1&#8243; box_shadow_vertical=&#8221;50px&#8221; box_shadow_blur=&#8221;80px&#8221; box_shadow_color=&#8221;rgba(15,19,25,0.1)&#8221; animation_style=&#8221;zoom&#8221; animation_intensity_zoom=&#8221;2%&#8221;][et_pb_column type=&#8221;2_3&#8243;][et_pb_blog _builder_version=&#8221;3.19.15&#8243; posts_number=&#8221;5&#8243; \/][\/et_pb_column][et_pb_column type=&#8221;1_3&#8243;][et_pb_sidebar _builder_version=&#8221;3.19.15&#8243; area=&#8221;sidebar-1&#8243; \/][\/et_pb_column][\/et_pb_row][\/et_pb_section]<\/p>\n","protected":false},"excerpt":{"rendered":"<p>[et_pb_section bb_built=&#8221;1&#8243; admin_label=&#8221;Header&#8221; custom_padding_last_edited=&#8221;on|desktop&#8221; _builder_version=&#8221;3.19.15&#8243; background_image=&#8221;https:\/\/ganlawgroup.com\/polish\/wp-content\/uploads\/2019\/03\/articlespage.png&#8221; background_size=&#8221;contain&#8221; background_position=&#8221;top_left&#8221; custom_padding=&#8221;13px||0px|&#8221; custom_padding_tablet=&#8221;140px|0px|50px|0px|false|false&#8221; custom_padding_phone=&#8221;120px|||&#8221; use_background_color_gradient=&#8221;on&#8221; background_color_gradient_start=&#8221;#cecece&#8221; background_color_gradient_end=&#8221;#ffffff&#8221; next_background_color=&#8221;#ffffff&#8221;][et_pb_row use_custom_width=&#8221;on&#8221; custom_padding=&#8221;0|0|25.25px|0px|false|false&#8221; _builder_version=&#8221;3.19.15&#8243;][et_pb_column type=&#8221;1_2&#8243;][\/et_pb_column][et_pb_column type=&#8221;1_2&#8243;][et_pb_text _builder_version=&#8221;3.19.15&#8243; header_font_size=&#8221;40px&#8221;] Artyku\u0142y [\/et_pb_text][et_pb_text _builder_version=&#8221;3.19.15&#8243; text_font_size=&#8221;18px&#8221; text_font_size_phone=&#8221;15px&#8221; text_font_size_last_edited=&#8221;on|desktop&#8221; text_line_height_phone=&#8221;1.6em&#8221; text_line_height_last_edited=&#8221;on|desktop&#8221; header_font_size=&#8221;41px&#8221; header_font_size_tablet=&#8221;50px&#8221; header_font_size_phone=&#8221;32px&#8221; header_font_size_last_edited=&#8221;on|desktop&#8221; header_line_height=&#8221;1.3em&#8221; max_width=&#8221;600px&#8221;] Czym jest nakaz ochrony, czyli order of protection Wa\u017cne zmiany w prawie rodzinnym w Illinois Adwokat dla rozwodz\u0105cych si\u0119 [&hellip;]<\/p>\n","protected":false},"author":1,"featured_media":0,"parent":0,"menu_order":0,"comment_status":"closed","ping_status":"closed","template":"","meta":{"_et_pb_use_builder":"on","_et_pb_old_content":"","_et_gb_content_width":"","footnotes":""},"class_list":["post-85","page","type-page","status-publish","hentry"],"_links":{"self":[{"href":"https:\/\/ganlawgroup.com\/polish\/wp-json\/wp\/v2\/pages\/85","targetHints":{"allow":["GET"]}}],"collection":[{"href":"https:\/\/ganlawgroup.com\/polish\/wp-json\/wp\/v2\/pages"}],"about":[{"href":"https:\/\/ganlawgroup.com\/polish\/wp-json\/wp\/v2\/types\/page"}],"author":[{"embeddable":true,"href":"https:\/\/ganlawgroup.com\/polish\/wp-json\/wp\/v2\/users\/1"}],"replies":[{"embeddable":true,"href":"https:\/\/ganlawgroup.com\/polish\/wp-json\/wp\/v2\/comments?post=85"}],"version-history":[{"count":4,"href":"https:\/\/ganlawgroup.com\/polish\/wp-json\/wp\/v2\/pages\/85\/revisions"}],"predecessor-version":[{"id":210,"href":"https:\/\/ganlawgroup.com\/polish\/wp-json\/wp\/v2\/pages\/85\/revisions\/210"}],"wp:attachment":[{"href":"https:\/\/ganlawgroup.com\/polish\/wp-json\/wp\/v2\/media?parent=85"}],"curies":[{"name":"wp","href":"https:\/\/api.w.org\/{rel}","templated":true}]}}